{"id":15,"date":"2012-09-11T17:34:48","date_gmt":"2012-09-11T16:34:48","guid":{"rendered":"http:\/\/localhost\/metier\/?page_id=15"},"modified":"2022-10-31T15:45:47","modified_gmt":"2022-10-31T14:45:47","slug":"accueil","status":"publish","type":"page","link":"http:\/\/www.atelierdesmetiers.com\/","title":{"rendered":"Accueil"},"content":{"rendered":"<div style=\"background-repeat: no-repeat;\"><h1><strong>Mon M\u00e9tier : Le d\u00e9veloppement des collectifs<\/strong><\/h1>\n<div><img loading=\"lazy\" decoding=\"async\" class=\"alignright\" src=\"http:\/\/www.atelierdesmetiers.com\/wp-content\/uploads\/2012\/09\/Image021.jpg\" alt=\"Visuel de la page d'accueil\" width=\"450\" height=\"450\" \/><\/div>\n<ul>\n<li>Travailler ensemble<\/li>\n<li>D\u00e9velopper la qualit\u00e9 et l&rsquo;efficacit\u00e9 du travail<\/li>\n<li>Favoriser la sant\u00e9 au travail<\/li>\n<li>Outiller les acteurs<\/li>\n<li>R\u00e9inventer nos m\u00e9tiers et ceux de nos entreprises<\/li>\n<\/ul>\n<p style=\"text-align: justify;\">Mon approche est celle d&rsquo;un praticien ind\u00e9pendant.<\/p>\n<p style=\"text-align: justify;\">J&rsquo;ai d\u00e9velopp\u00e9 mes propres outils et une capacit\u00e9 d\u2019intervention dans des situations tr\u00e8s diverses en apparence, mais dont le trait commun est le d\u00e9veloppement du m\u00e9tier et de l\u2019efficacit\u00e9 collective.<\/p>\n<p style=\"text-align: justify;\">Ma d\u00e9marche repose sur un principe de r\u00e9alit\u00e9 : <strong>prendre appui sur les contraintes<\/strong>. C\u2019est par exemple en amenant mes interlocuteurs \u00e0 affronter concr\u00e8tement et collectivement les situations qu&rsquo;ils rencontrent que je les aide \u00e0 retrouver une dynamique de d\u00e9veloppement durable de leurs m\u00e9tiers.<\/p>\n<p style=\"text-align: justify;\">Pour mener \u00e0 bien mes actions, j&rsquo;ai mis au point des m\u00e9thodes telles que \u00ab le Double Tour de Parole \u00bb, \u00ab la M\u00e9thode des \u00e9chos \u00bb ou \u00ab la Place du March\u00e9 \u00bb (*)<\/p>\n<p style=\"text-align: justify;\">J&rsquo;ai \u00e9galement con\u00e7u des supports permettant aux personnes avec qui je travaille d\u2019aller tr\u00e8s rapidement \u00e0 l\u2019essentiel : \u00ab R\u00e9inventer son M\u00e9tier \u00bb, \u00ab Cent Fois sur le M\u00e9tier \u00bb, \u00ab L\u2019Outil et la Mati\u00e8re \u00bb (**)<\/p>\n<p>Le principe fondateur de mes d\u00e9marches est pr\u00e9sent\u00e9 dans l&rsquo;ouvrage \u00ab\u00a0Tirer parti des contraintes &#8211; Contrainte + Volont\u00e9 = Innovation\u00a0\u00bb, ouvrage \u00e9dit\u00e9 par Chronique Sociale en \u00e9t\u00e9 2022<\/p>\n<p style=\"text-align: justify;\">(*)<em> &#8211; Ces m\u00e9thodes sont d\u00e9crites avec pr\u00e9cision dans un ouvrage paru aux \u00e9ditions Eyrolles : \u00ab Comment travailler ensemble, sept outils pour faire \u00e9merger du collectif \u00bb.<\/em><\/p>\n<p style=\"text-align: justify;\">(**) &#8211;<em> R\u00e9inventer son M\u00e9tier est accessible sous la forme d&rsquo;un Livre-Outil \u00e9dit\u00e9 en mars 2015 par Chroniques Sociales : \u00ab\u00a0R\u00e9inventer son M\u00e9tier &#8211; Acc\u00e9der \u00e0 nos imaginaires professionnels\u00a0\u00bb (30\u20ac).\u00a0<\/em><\/p>\n<p style=\"margin-top: 30px; margin-bottom: 20px; text-align: center;\"><strong>L\u2019Atelier des M\u00e9tiers a \u00e9t\u00e9 cr\u00e9\u00e9 en 1993<\/strong>.<\/p>\n<\/div>","protected":false},"excerpt":{"rendered":"<p>Mon M\u00e9tier : Le d\u00e9veloppement des collectifs Travailler ensemble D\u00e9velopper la qualit\u00e9 et l&rsquo;efficacit\u00e9 du travail Favoriser la sant\u00e9 au travail Outiller les acteurs R\u00e9inventer nos m\u00e9tiers et ceux de nos entreprises Mon approche est celle d&rsquo;un praticien ind\u00e9pendant. J&rsquo;ai &hellip; <a href=\"http:\/\/www.atelierdesmetiers.com\/\">Continuer la lecture <span class=\"meta-nav\">&rarr;<\/span><\/a><\/p>\n","protected":false},"author":2,"featured_media":0,"parent":0,"menu_order":0,"comment_status":"closed","ping_status":"closed","template":"","meta":{"footnotes":""},"class_list":["post-15","page","type-page","status-publish","hentry"],"_links":{"self":[{"href":"http:\/\/www.atelierdesmetiers.com\/index.php?rest_route=\/wp\/v2\/pages\/15","targetHints":{"allow":["GET"]}}],"collection":[{"href":"http:\/\/www.atelierdesmetiers.com\/index.php?rest_route=\/wp\/v2\/pages"}],"about":[{"href":"http:\/\/www.atelierdesmetiers.com\/index.php?rest_route=\/wp\/v2\/types\/page"}],"author":[{"embeddable":true,"href":"http:\/\/www.atelierdesmetiers.com\/index.php?rest_route=\/wp\/v2\/users\/2"}],"replies":[{"embeddable":true,"href":"http:\/\/www.atelierdesmetiers.com\/index.php?rest_route=%2Fwp%2Fv2%2Fcomments&post=15"}],"version-history":[{"count":2,"href":"http:\/\/www.atelierdesmetiers.com\/index.php?rest_route=\/wp\/v2\/pages\/15\/revisions"}],"predecessor-version":[{"id":1193,"href":"http:\/\/www.atelierdesmetiers.com\/index.php?rest_route=\/wp\/v2\/pages\/15\/revisions\/1193"}],"wp:attachment":[{"href":"http:\/\/www.atelierdesmetiers.com\/index.php?rest_route=%2Fwp%2Fv2%2Fmedia&parent=15"}],"curies":[{"name":"wp","href":"https:\/\/api.w.org\/{rel}","templated":true}]}}