{"id":17,"date":"2012-09-11T17:35:39","date_gmt":"2012-09-11T16:35:39","guid":{"rendered":"http:\/\/localhost\/metier\/?page_id=17"},"modified":"2022-12-19T14:50:36","modified_gmt":"2022-12-19T13:50:36","slug":"qui-sommes-nous","status":"publish","type":"page","link":"http:\/\/www.atelierdesmetiers.com\/?page_id=17","title":{"rendered":"Mon parcours"},"content":{"rendered":"<div style=\"background-repeat: no-repeat;\"><div class=\"alignleft\" style=\"width: 30%;\">\n<p><span style=\"color: #1397d0; font-size: 16px;\"><strong>Dominique Fauconnier<\/strong><\/span><\/p>\n<p><img loading=\"lazy\" decoding=\"async\" class=\"wp-image-627 alignleft\" style=\"border: 0px; padding-left: 30px;\" title=\"Dominique Fauconnier\" src=\"http:\/\/www.atelierdesmetiers.com\/wp-content\/uploads\/2012\/11\/dominique.jpg\" alt=\"Dominique Fauconnier - Atelier des M\u00e9tiers\" width=\"167\" height=\"203\" \/><\/p>\n<\/div>\n<div style=\"padding-top: 40px; margin-left: 300px;\">\n<ul>\n<li class=\" liste\" style=\"text-align: justify;\">N\u00e9 le 12 ao\u00fbt 1951 au Br\u00e9sil, \u00e9tudes secondaires en France, Ma\u00eetrise en Sciences \u00e9conomiques et de l\u2019Institut du D\u00e9veloppement \u00c9conomique et Social (Paris I, 1978 ).<\/li>\n<li class=\"liste\" style=\"text-align: justify;\">Parcours professionnel de 1978 \u00e0 1993\u00a0: Contr\u00f4leur de gestion (Causse-Wallon 81-83), Ing\u00e9nieur Commercial (Olivetti 78-81, Sema Metra 83-86, Digital Equipement 86-89), Directeur Commercial (Groupe KODAK 89-92).<\/li>\n<li class=\"liste\" style=\"text-align: justify;\">Cr\u00e9ation de l&rsquo;Atelier des M\u00e9tiers avec Annie Madri\u00e8res en 1993.<\/li>\n<\/ul>\n<\/div>\n<div style=\"padding-top: 40px; margin-left: 0px;\">\n<p><span style=\"text-decoration: underline;\">R &amp; D<\/span> :<\/p>\n<ul>\n<li class=\"liste\" style=\"text-align: justify;\">R\u00e9flexion propre sur le M\u00e9tier et les techniques permettant de le d\u00e9velopper<\/li>\n<li>Cr\u00e9ation des outils de l&rsquo;Atelier des M\u00e9tiers<\/li>\n<\/ul>\n<\/div>\n<\/div>","protected":false},"excerpt":{"rendered":"<p>Dominique Fauconnier N\u00e9 le 12 ao\u00fbt 1951 au Br\u00e9sil, \u00e9tudes secondaires en France, Ma\u00eetrise en Sciences \u00e9conomiques et de l\u2019Institut du D\u00e9veloppement \u00c9conomique et Social (Paris I, 1978 ). Parcours professionnel de 1978 \u00e0 1993\u00a0: Contr\u00f4leur de gestion (Causse-Wallon 81-83), &hellip; <a href=\"http:\/\/www.atelierdesmetiers.com\/?page_id=17\">Continuer la lecture <span class=\"meta-nav\">&rarr;<\/span><\/a><\/p>\n","protected":false},"author":2,"featured_media":0,"parent":0,"menu_order":0,"comment_status":"closed","ping_status":"open","template":"","meta":{"footnotes":""},"class_list":["post-17","page","type-page","status-publish","hentry"],"_links":{"self":[{"href":"http:\/\/www.atelierdesmetiers.com\/index.php?rest_route=\/wp\/v2\/pages\/17","targetHints":{"allow":["GET"]}}],"collection":[{"href":"http:\/\/www.atelierdesmetiers.com\/index.php?rest_route=\/wp\/v2\/pages"}],"about":[{"href":"http:\/\/www.atelierdesmetiers.com\/index.php?rest_route=\/wp\/v2\/types\/page"}],"author":[{"embeddable":true,"href":"http:\/\/www.atelierdesmetiers.com\/index.php?rest_route=\/wp\/v2\/users\/2"}],"replies":[{"embeddable":true,"href":"http:\/\/www.atelierdesmetiers.com\/index.php?rest_route=%2Fwp%2Fv2%2Fcomments&post=17"}],"version-history":[{"count":3,"href":"http:\/\/www.atelierdesmetiers.com\/index.php?rest_route=\/wp\/v2\/pages\/17\/revisions"}],"predecessor-version":[{"id":1240,"href":"http:\/\/www.atelierdesmetiers.com\/index.php?rest_route=\/wp\/v2\/pages\/17\/revisions\/1240"}],"wp:attachment":[{"href":"http:\/\/www.atelierdesmetiers.com\/index.php?rest_route=%2Fwp%2Fv2%2Fmedia&parent=17"}],"curies":[{"name":"wp","href":"https:\/\/api.w.org\/{rel}","templated":true}]}}