{"id":20,"date":"2012-09-11T17:36:19","date_gmt":"2012-09-11T16:36:19","guid":{"rendered":"http:\/\/localhost\/metier\/?page_id=20"},"modified":"2022-12-19T17:14:54","modified_gmt":"2022-12-19T16:14:54","slug":"outils","status":"publish","type":"page","link":"http:\/\/www.atelierdesmetiers.com\/?page_id=20","title":{"rendered":"Outils"},"content":{"rendered":"<div style=\"background-repeat: no-repeat;\"><div class=\"alignleft\" style=\"width: 45%; text-align: justify;\">\n<p><span style=\"color: #ff0000;\"><strong>\u00a0<\/strong><\/span><\/p>\n<p>Je con\u00e7ois des outils de mise en mouvement des personnes et des entreprises et j&rsquo;en assure la prise en main si mes clients le d\u00e9sirent.<\/p>\n<p>Ces outils d\u00e9bouchent sur des actions concr\u00e8tes<\/p>\n<p>Ils sont :<\/p>\n<ul>\n<li class=\"liste\">Souples et utilisables en diff\u00e9rentes situations<\/li>\n<li class=\"liste\">Rapides dans leur utilisation et dans leurs effets<\/li>\n<\/ul>\n<p>La premi\u00e8re s\u00e9rie regroupe des d\u2019outils compos\u00e9s de r\u00e8gles permettant de structurer pr\u00e9cis\u00e9ment les \u00e9changes de fa\u00e7on \u00e0 obtenir le r\u00e9sultat voulu. Notre ouvrage \u00ab\u00a0Comment travailler ensemble\u00a0\u00bb en donne une description d\u00e9taill\u00e9e ainsi que des conseils d\u2019utilisation.<\/p>\n<p>La seconde s\u00e9rie regroupe des supports permettant d\u2019acc\u00e9l\u00e9rer et d\u2019approfondir les \u00e9changes entre les participants de fa\u00e7on \u00e0 aller au plus vite \u00e0 l\u2019essentiel.<\/p>\n<\/div>\n<div style=\"margin-left: 50%;\"><a href=\"http:\/\/www.atelierdesmetiers.com\/wp-content\/uploads\/2012\/09\/outil01.png\"><img loading=\"lazy\" decoding=\"async\" class=\"wp-image-241 alignright\" style=\"border: 0px;\" title=\"Double tour de parole\" src=\"http:\/\/www.atelierdesmetiers.com\/wp-content\/uploads\/2012\/09\/outil01.png\" alt=\"\" width=\"491\" height=\"347\" \/><\/a><br \/>\n<a href=\"http:\/\/www.atelierdesmetiers.com\/wp-content\/uploads\/2012\/09\/outil02.png\"><img loading=\"lazy\" decoding=\"async\" class=\"wp-image-242 alignright\" style=\"border: 0px; margin-top: 0px;\" title=\"Cent fois sur le M\u00e9tier\" src=\"http:\/\/www.atelierdesmetiers.com\/wp-content\/uploads\/2012\/09\/outil02.png\" alt=\"\" width=\"484\" height=\"366\" \/><\/a><\/div>\n<\/div>","protected":false},"excerpt":{"rendered":"<p>\u00a0 Je con\u00e7ois des outils de mise en mouvement des personnes et des entreprises et j&rsquo;en assure la prise en main si mes clients le d\u00e9sirent. Ces outils d\u00e9bouchent sur des actions concr\u00e8tes Ils sont : Souples et utilisables en &hellip; <a href=\"http:\/\/www.atelierdesmetiers.com\/?page_id=20\">Continuer la lecture <span class=\"meta-nav\">&rarr;<\/span><\/a><\/p>\n","protected":false},"author":2,"featured_media":0,"parent":0,"menu_order":0,"comment_status":"closed","ping_status":"open","template":"","meta":{"footnotes":""},"class_list":["post-20","page","type-page","status-publish","hentry"],"_links":{"self":[{"href":"http:\/\/www.atelierdesmetiers.com\/index.php?rest_route=\/wp\/v2\/pages\/20","targetHints":{"allow":["GET"]}}],"collection":[{"href":"http:\/\/www.atelierdesmetiers.com\/index.php?rest_route=\/wp\/v2\/pages"}],"about":[{"href":"http:\/\/www.atelierdesmetiers.com\/index.php?rest_route=\/wp\/v2\/types\/page"}],"author":[{"embeddable":true,"href":"http:\/\/www.atelierdesmetiers.com\/index.php?rest_route=\/wp\/v2\/users\/2"}],"replies":[{"embeddable":true,"href":"http:\/\/www.atelierdesmetiers.com\/index.php?rest_route=%2Fwp%2Fv2%2Fcomments&post=20"}],"version-history":[{"count":3,"href":"http:\/\/www.atelierdesmetiers.com\/index.php?rest_route=\/wp\/v2\/pages\/20\/revisions"}],"predecessor-version":[{"id":1269,"href":"http:\/\/www.atelierdesmetiers.com\/index.php?rest_route=\/wp\/v2\/pages\/20\/revisions\/1269"}],"wp:attachment":[{"href":"http:\/\/www.atelierdesmetiers.com\/index.php?rest_route=%2Fwp%2Fv2%2Fmedia&parent=20"}],"curies":[{"name":"wp","href":"https:\/\/api.w.org\/{rel}","templated":true}]}}