{"id":233,"date":"2012-10-26T15:18:49","date_gmt":"2012-10-26T14:18:49","guid":{"rendered":"http:\/\/localhost\/metier\/?page_id=233"},"modified":"2022-12-19T15:14:11","modified_gmt":"2022-12-19T14:14:11","slug":"publications-articles","status":"publish","type":"page","link":"http:\/\/www.atelierdesmetiers.com\/?page_id=233","title":{"rendered":"Publications &#8211; articles"},"content":{"rendered":"<div style=\"background-repeat: no-repeat;\"><div class=\"alignleft\" style=\"width: 100%;\">\n<p style=\"text-align: justify;\"><span style=\"color: #1397d0; font-size: 18px;\"><strong>Dominique Fauconnier<\/strong><\/span><br \/>\n<!--more--><br \/>\n<span style=\"text-decoration: underline;\"><strong>Articles<\/strong><\/span>\u00a0:<br \/>\n<!--more--><\/p>\n<p>\u00ab\u00a0<a href=\"http:\/\/www.atelierdesmetiers.com\/wp-content\/uploads\/2012\/11\/la-modernit\u00e9-du-compagnonnage.pdf\" target=\"_blank\" rel=\"noopener noreferrer\"><span style=\"text-decoration: underline;\">La modernit\u00e9 du Compagnonnage<\/span><\/a>\u00a0\u00bb in <em>Revue Management du CNOF<\/em> n\u00b0 83, 1993.<\/p>\n<p>\u00ab\u00a0<a href=\"http:\/\/www.atelierdesmetiers.com\/wp-content\/uploads\/2012\/11\/2-Entreprise-Devenir.pdf\" target=\"_blank\" rel=\"noopener noreferrer\"><span style=\"text-decoration: underline;\">L&rsquo;entreprise, forme sociale en devenir<\/span><\/a>\u00a0\u00bb in <em>La Revue Ethique des affaires<\/em>, janvier 1995.<\/p>\n<p>\u00ab\u00a0<a href=\"http:\/\/www.atelierdesmetiers.com\/wp-content\/uploads\/2012\/11\/3-HistdeVie-Comp.pdf\" target=\"_blank\" rel=\"noopener noreferrer\"><span style=\"text-decoration: underline;\">Compagnonnage et Histoire de vie<\/span><\/a> \u00bb in <em>Accompagnement et Histoires de Vies<\/em>, ouvrage collectif sous la direction de Mr Gaston Pineau 1996. Ed l\u2019Harmattan.<\/p>\n<p>\u00ab\u00a0<a href=\"http:\/\/www.atelierdesmetiers.com\/wp-content\/uploads\/2012\/11\/4-Errance-Chevalier.pdf\" target=\"_blank\" rel=\"noopener noreferrer\"><span style=\"text-decoration: underline;\">L&rsquo;errance du chevalier et la survie du serf<\/span><\/a>\u00a0\u00bb in <em>Transversales Sciences-Cultures<\/em> n\u00b0 41,Septembre-Octobre 1996.<\/p>\n<p>\u00ab\u00a0<a href=\"http:\/\/www.atelierdesmetiers.com\/wp-content\/uploads\/2012\/11\/5-Emploi-Travail-M\u00e9tier.pdf\" target=\"_blank\" rel=\"noopener noreferrer\"><span style=\"text-decoration: underline;\">M\u00e9tier, Travail, Emploi, une identit\u00e9 oubli\u00e9e<\/span><\/a>\u00a0\u00bb in <em>Transversales Sciences-Cultures<\/em> n\u00b0 41,Septembre-Octobre 1997.<\/p>\n<p>\u00ab\u00a0<a href=\"http:\/\/www.atelierdesmetiers.com\/wp-content\/uploads\/2012\/11\/6-MissionSolidarit\u00e9EDF.pdf\" target=\"_blank\" rel=\"noopener noreferrer\"><span style=\"text-decoration: underline;\">Les apports de l&rsquo;Action Solidarit\u00e9 en terme de management<\/span><\/a>\u00a0\u00bb in <em>Revue BIC, la revue interne EDF-GDF<\/em> septembre 1997.<\/p>\n<p>\u00ab\u00a0<a href=\"http:\/\/www.atelierdesmetiers.com\/wp-content\/uploads\/2012\/11\/7-M\u00e9tierSoci\u00e9tal.pdf\" target=\"_blank\" rel=\"noopener noreferrer\"><span style=\"text-decoration: underline;\">J&rsquo;exerce un m\u00e9tier, donc je suis<\/span><\/a>\u00a0\u00bb in <em>Revue Soci\u00e9tales<\/em> Hors S\u00e9rie Avril 1998.<\/p>\n<p>\u00ab\u00a0<a href=\"http:\/\/www.atelierdesmetiers.com\/wp-content\/uploads\/2012\/11\/8-Deux-parcours.pdf\" target=\"_blank\" rel=\"noopener noreferrer\"><span style=\"text-decoration: underline;\">Deux parcours, une vision diff\u00e9renci\u00e9e de l\u2019ind\u00e9pendant<\/span><\/a>\u00a0\u00bb avec Pierre Gillier, in <em>La Jaune et la Rouge<\/em> Janvier 2006.<\/p>\n<p>\u00ab <a href=\"http:\/\/www.atelierdesmetiers.com\/wp-content\/uploads\/2012\/11\/12-Une-synth\u00e8se.pdf\" target=\"_blank\" rel=\"noopener noreferrer\"><span style=\"text-decoration: underline;\">Une synth\u00e8se<\/span><\/a> \u00bb R\u00e9alis\u00e9e en mars 2007, \u00e0 l&rsquo;occasion de la sixi\u00e8me Conf\u00e9rence du Club utilisateur ARIS.<\/p>\n<p>\u00ab\u00a0<a href=\"http:\/\/www.atelierdesmetiers.com\/wp-content\/uploads\/2012\/11\/9-PlanChristiane.pdf\" target=\"_blank\" rel=\"noopener noreferrer\"><span style=\"text-decoration: underline;\">Le Plan de Christiane \u00e9tait pourtant intelligent<\/span><\/a>\u00a0 IE &amp; D\u00e9cision \u00bb, in Revue <em>Regards sur l\u2019IE<\/em>, Juillet-Ao\u00fbt 2007.<\/p>\n<p>\u00ab\u00a0<a href=\"http:\/\/www.atelierdesmetiers.com\/wp-content\/uploads\/2012\/11\/10-Processus-explicites-implicites.pdf\" target=\"_blank\" rel=\"noopener noreferrer\"><span style=\"text-decoration: underline;\">Processus explicites, Processus implicites<\/span><\/a>\u00a0\u00bb in <em>Revue Transversus<\/em>, N\u00b01, Octobre 2010.<\/p>\n<p>\u00ab\u00a0<a href=\"http:\/\/www.atelierdesmetiers.com\/wp-content\/uploads\/2012\/11\/11-dossier-conseil.pdf\" target=\"_blank\" rel=\"noopener noreferrer\"><span style=\"text-decoration: underline;\">L\u2019avenir du Conseil\u00a0: r\u00e9flexion d\u2019un ind\u00e9pendant<\/span><\/a>\u00a0\u00bb in Mines, <em>la Revue des Ing\u00e9nieurs<\/em>, n\u00b0 449, Octobre 2010.<\/p>\n<p>\u00ab <span style=\"text-decoration: underline;\"><a href=\"http:\/\/www.atelierdesmetiers.com\/wp-content\/uploads\/2012\/11\/13-place-du-march\u00e9-aux-informations.pdf\" target=\"_blank\" rel=\"noopener noreferrer\">Comment identifier des besoins d&rsquo;information<\/a> \u00bb<\/span> in <em>IT Business Review<\/em>, n\u00b03, Octobre 2012.<\/p>\n<p>\u00ab <span style=\"text-decoration: underline;\"><a title=\"R\u00e8gle, M\u00e9tier et Processus\" href=\"http:\/\/www.atelierdesmetiers.com\/wp-content\/uploads\/2014\/04\/r-m-p-2014.pdf\" target=\"_blank\" rel=\"noopener noreferrer\">R\u00e8gle, M\u00e9tier et Processus, trois explorations appliqu\u00e9es au Service Public<\/a> \u00bb<\/span> in <em>Transversus<\/em>, n\u00b07, Printemps 2014.<\/p>\n<p>\u00ab<span style=\"text-decoration: underline;\"><a href=\"http:\/\/www.atelierdesmetiers.com\/wp-content\/uploads\/2015\/11\/Intervention-DF-ProcessWay-Juin15.pdf\" target=\"_blank\" rel=\"noopener noreferrer\"> Processus, m\u00e9tiers, qualit\u00e9 de travail : compl\u00e9mentarit\u00e9 ? contradictions ?<\/a> <\/span>\u00bb Intervention \u00e0 la conf\u00e9rence annuelle de l&rsquo;association Process Way en juin 2015.<\/p>\n<p>\u00ab<a href=\"http:\/\/www.atelierdesmetiers.com\/wp-content\/uploads\/2016\/10\/Nous-en-formons-le-Monde-Revue-Transversus.pdf\" target=\"_blank\" rel=\"noopener noreferrer\"><span style=\"text-decoration: underline;\">Nous <em>en<\/em>-formons le Monde<\/span><\/a>\u00bb in <em>Transversus,<\/em> n\u00b011, printemps \u00e9t\u00e9 2016.<\/p>\n<p>\u00ab<span style=\"text-decoration: underline;\"><a href=\"http:\/\/www.atelierdesmetiers.com\/wp-content\/uploads\/2020\/12\/Mais-que-repre\u0301sente-le-ballon-_-Cahiers-de-XMP-Consult-N\u00b01-juin18.pdf\" target=\"_blank\" rel=\"noopener noreferrer\">Mais, que repr\u00e9sente le ballon?<\/a><\/span>\u00bb<em> in Les Cahiers de XMP-consult<\/em>, n\u00b01, juin 2018.<\/p>\n<p><span style=\"text-decoration: underline;\">\u00ab<a href=\"http:\/\/www.atelierdesmetiers.com\/wp-content\/uploads\/2020\/12\/Une-re\u0300gle-_-Mais-pourquoi-faire-_-XMP-Consult-Cahiers-2-Oct-2019.pdf\" target=\"_blank\" rel=\"noopener noreferrer\">Une r\u00e8gle? Mais pourquoi faire ?<\/a><\/span>\u00bb<em> in Les Cahiers de XMP-consult<\/em>, n\u00b02, octobre 2019.<\/p>\n<\/div>\n<div style=\"margin-left: 55%;\"><\/div>\n<\/div>","protected":false},"excerpt":{"rendered":"<p>Dominique Fauconnier<\/p>\n","protected":false},"author":2,"featured_media":0,"parent":17,"menu_order":0,"comment_status":"closed","ping_status":"open","template":"","meta":{"footnotes":""},"class_list":["post-233","page","type-page","status-publish","hentry"],"_links":{"self":[{"href":"http:\/\/www.atelierdesmetiers.com\/index.php?rest_route=\/wp\/v2\/pages\/233","targetHints":{"allow":["GET"]}}],"collection":[{"href":"http:\/\/www.atelierdesmetiers.com\/index.php?rest_route=\/wp\/v2\/pages"}],"about":[{"href":"http:\/\/www.atelierdesmetiers.com\/index.php?rest_route=\/wp\/v2\/types\/page"}],"author":[{"embeddable":true,"href":"http:\/\/www.atelierdesmetiers.com\/index.php?rest_route=\/wp\/v2\/users\/2"}],"replies":[{"embeddable":true,"href":"http:\/\/www.atelierdesmetiers.com\/index.php?rest_route=%2Fwp%2Fv2%2Fcomments&post=233"}],"version-history":[{"count":3,"href":"http:\/\/www.atelierdesmetiers.com\/index.php?rest_route=\/wp\/v2\/pages\/233\/revisions"}],"predecessor-version":[{"id":1243,"href":"http:\/\/www.atelierdesmetiers.com\/index.php?rest_route=\/wp\/v2\/pages\/233\/revisions\/1243"}],"up":[{"embeddable":true,"href":"http:\/\/www.atelierdesmetiers.com\/index.php?rest_route=\/wp\/v2\/pages\/17"}],"wp:attachment":[{"href":"http:\/\/www.atelierdesmetiers.com\/index.php?rest_route=%2Fwp%2Fv2%2Fmedia&parent=233"}],"curies":[{"name":"wp","href":"https:\/\/api.w.org\/{rel}","templated":true}]}}