{"id":492,"date":"2012-11-15T19:17:44","date_gmt":"2012-11-15T18:17:44","guid":{"rendered":"http:\/\/www.atelierdesmetiers.com\/?page_id=492"},"modified":"2022-12-19T16:34:10","modified_gmt":"2022-12-19T15:34:10","slug":"place-du-marches","status":"publish","type":"page","link":"http:\/\/www.atelierdesmetiers.com\/?page_id=492","title":{"rendered":"Place du March\u00e9"},"content":{"rendered":"<div style=\"background-image: url('http:\/\/www.atelierdesmetiers.com\/wp-content\/uploads\/2012\/11\/place-du-marche.png');background-repeat: no-repeat;width: 848px;\r\nheight: 650px;\"><div class=\"alignleft\" style=\"width: 40%; padding: 150px 0 0px 50px;\">\n<p style=\"text-align: justify; font-size: 95%;\">Inspir\u00e9 des Echanges R\u00e9ciproques de Savoirs, les \u00ab\u00a0Places du March\u00e9\u00a0\u00bb permettent de faire circuler l&rsquo;information de fa\u00e7on op\u00e9rationnelle. Les effets en sont tr\u00e8s concrets : les personnes s&rsquo;impliquent plus dans leur m\u00e9tier et l&rsquo;entreprise accro\u00eet fortement son efficacit\u00e9 collective. Une Place du March\u00e9 peut r\u00e9unir de 10 et 100 personnes. Utilisable \u00e0 l&rsquo;int\u00e9rieur des entreprises ou dans des contextes ouverts, de cr\u00e9ation de r\u00e9seaux par exemple. Dur\u00e9e : deux heures environ.<\/p>\n<\/div>\n<div style=\"margin-left: 50%; padding: 150px 50px 0px 20px;\">\n<p><em>Il existe plusieurs types de Places du March\u00e9 :<\/em><\/p>\n<p style=\"text-align: justify; font-size: 95%;\">-&gt;<strong>La Place du March\u00e9 aux Informations<\/strong> \u00a9<br \/>\nCe qui est offert et demand\u00e9 est l\u2019information, dont chacun a besoin pour exercer son M\u00e9tier. Parfaitement adapt\u00e9e \u00e0 l\u2019entreprise.<\/p>\n<p style=\"text-align: justify; font-size: 95%;\">-&gt;<strong>La Place du March\u00e9 M\u00e9tiers<\/strong> \u00a9<br \/>\nLes participants sont regroup\u00e9s par m\u00e9tiers, chaque groupe offre et demande aux autres ce qui est lui utile pour exercer son m\u00e9tier. Adapt\u00e9 \u00e0 un besoin de coop\u00e9ration inter-fonctions<\/p>\n<p style=\"text-align: justify; font-size: 95%;\">-&gt;<strong>La Place du March\u00e9 Communautaire<\/strong> \u00a9<br \/>\nAdapt\u00e9 \u00e0 tout r\u00e9seau professionnel ou \u00e0 toute association qui souhaite d\u00e9velopper des relations actives entre ses membres et g\u00e9n\u00e9rer des projets communs.<\/p>\n<p style=\"text-align: justify; font-size: 95%;\">-&gt;<strong>La Place du March\u00e9 contractuelle<\/strong> \u00a9<br \/>\nIci, c\u2019est le lien entre chaque membre d\u2019un collectif et ce dernier qui est renforc\u00e9. Tr\u00e8s efficace en Comit\u00e9 de Direction.<\/p>\n<p style=\"text-align: justify; font-size: 95%;\">\n<\/div>\n<div style=\"with: 80%; text-align: center; margin-top: 65px; font-size: 90%;\">Voir <strong>Comment travailler ensemble<\/strong>, sept outils simples pour faire \u00e9merger du collectif, Eyrolles 2010 &#8211; Chapitre 4 \u00e0 7.<\/div>\n<\/div>","protected":false},"excerpt":{"rendered":"<p>Inspir\u00e9 des Echanges R\u00e9ciproques de Savoirs, les \u00ab\u00a0Places du March\u00e9\u00a0\u00bb permettent de faire circuler l&rsquo;information de fa\u00e7on op\u00e9rationnelle. Les effets en sont tr\u00e8s concrets : les personnes s&rsquo;impliquent plus dans leur m\u00e9tier et l&rsquo;entreprise accro\u00eet fortement son efficacit\u00e9 collective. Une &hellip; <a href=\"http:\/\/www.atelierdesmetiers.com\/?page_id=492\">Continuer la lecture <span class=\"meta-nav\">&rarr;<\/span><\/a><\/p>\n","protected":false},"author":2,"featured_media":0,"parent":20,"menu_order":0,"comment_status":"closed","ping_status":"closed","template":"","meta":{"footnotes":""},"class_list":["post-492","page","type-page","status-publish","hentry"],"_links":{"self":[{"href":"http:\/\/www.atelierdesmetiers.com\/index.php?rest_route=\/wp\/v2\/pages\/492","targetHints":{"allow":["GET"]}}],"collection":[{"href":"http:\/\/www.atelierdesmetiers.com\/index.php?rest_route=\/wp\/v2\/pages"}],"about":[{"href":"http:\/\/www.atelierdesmetiers.com\/index.php?rest_route=\/wp\/v2\/types\/page"}],"author":[{"embeddable":true,"href":"http:\/\/www.atelierdesmetiers.com\/index.php?rest_route=\/wp\/v2\/users\/2"}],"replies":[{"embeddable":true,"href":"http:\/\/www.atelierdesmetiers.com\/index.php?rest_route=%2Fwp%2Fv2%2Fcomments&post=492"}],"version-history":[{"count":3,"href":"http:\/\/www.atelierdesmetiers.com\/index.php?rest_route=\/wp\/v2\/pages\/492\/revisions"}],"predecessor-version":[{"id":1252,"href":"http:\/\/www.atelierdesmetiers.com\/index.php?rest_route=\/wp\/v2\/pages\/492\/revisions\/1252"}],"up":[{"embeddable":true,"href":"http:\/\/www.atelierdesmetiers.com\/index.php?rest_route=\/wp\/v2\/pages\/20"}],"wp:attachment":[{"href":"http:\/\/www.atelierdesmetiers.com\/index.php?rest_route=%2Fwp%2Fv2%2Fmedia&parent=492"}],"curies":[{"name":"wp","href":"https:\/\/api.w.org\/{rel}","templated":true}]}}