{"id":74,"date":"2012-10-23T13:56:56","date_gmt":"2012-10-23T12:56:56","guid":{"rendered":"http:\/\/localhost\/metier\/?page_id=74"},"modified":"2022-12-19T12:15:40","modified_gmt":"2022-12-19T11:15:40","slug":"formations","status":"publish","type":"page","link":"http:\/\/www.atelierdesmetiers.com\/?page_id=74","title":{"rendered":"Formations"},"content":{"rendered":"<div style=\"background-repeat: no-repeat;\">\n<div class=\"alignleft\" style=\"width: 50%; margin-top: 3%\">\n<ul>\n<li class=\"liste\">Comment travailler ensemble<\/li>\n<li class=\"liste\">Techniques d\u2019efficacit\u00e9 collective ou transversale<\/li>\n<li class=\"liste\">D\u00e9velopper ses comp\u00e9tences manag\u00e9riales<\/li>\n<li class=\"liste\">Comment ma\u00eetriser l\u2019\u00e9volution de son m\u00e9tier<\/li>\n<li class=\"liste\">Transmission du savoir-faire et des d\u00e9marches de l\u2019Atelier des M\u00e9tiers<\/li>\n<\/ul>\n<p><\/p>\n<\/div>\n\n\n\n<div style=\"margin-left: 55%;\"><figure><img loading=\"lazy\" decoding=\"async\" class=\"alignleft wp-image-229\" style=\"margin-left: 0px; border: 0px;\" src=\"http:\/\/www.atelierdesmetiers.com\/wp-content\/uploads\/2012\/10\/formats.jpg\" alt=\"\" width=\"377\" height=\"283\"><\/figure><\/div>\n<\/div>","protected":false},"excerpt":{"rendered":"<p>Comment travailler ensemble Techniques d\u2019efficacit\u00e9 collective ou transversale D\u00e9velopper ses comp\u00e9tences manag\u00e9riales Comment ma\u00eetriser l\u2019\u00e9volution de son m\u00e9tier Transmission du savoir-faire et des d\u00e9marches de l\u2019Atelier des M\u00e9tiers<\/p>\n","protected":false},"author":2,"featured_media":0,"parent":10,"menu_order":0,"comment_status":"closed","ping_status":"open","template":"","meta":{"footnotes":""},"class_list":["post-74","page","type-page","status-publish","hentry"],"_links":{"self":[{"href":"http:\/\/www.atelierdesmetiers.com\/index.php?rest_route=\/wp\/v2\/pages\/74","targetHints":{"allow":["GET"]}}],"collection":[{"href":"http:\/\/www.atelierdesmetiers.com\/index.php?rest_route=\/wp\/v2\/pages"}],"about":[{"href":"http:\/\/www.atelierdesmetiers.com\/index.php?rest_route=\/wp\/v2\/types\/page"}],"author":[{"embeddable":true,"href":"http:\/\/www.atelierdesmetiers.com\/index.php?rest_route=\/wp\/v2\/users\/2"}],"replies":[{"embeddable":true,"href":"http:\/\/www.atelierdesmetiers.com\/index.php?rest_route=%2Fwp%2Fv2%2Fcomments&post=74"}],"version-history":[{"count":2,"href":"http:\/\/www.atelierdesmetiers.com\/index.php?rest_route=\/wp\/v2\/pages\/74\/revisions"}],"predecessor-version":[{"id":1229,"href":"http:\/\/www.atelierdesmetiers.com\/index.php?rest_route=\/wp\/v2\/pages\/74\/revisions\/1229"}],"up":[{"embeddable":true,"href":"http:\/\/www.atelierdesmetiers.com\/index.php?rest_route=\/wp\/v2\/pages\/10"}],"wp:attachment":[{"href":"http:\/\/www.atelierdesmetiers.com\/index.php?rest_route=%2Fwp%2Fv2%2Fmedia&parent=74"}],"curies":[{"name":"wp","href":"https:\/\/api.w.org\/{rel}","templated":true}]}}