{"id":90,"date":"2012-10-25T16:02:14","date_gmt":"2012-10-25T15:02:14","guid":{"rendered":"http:\/\/localhost\/metier\/?page_id=90"},"modified":"2022-12-19T12:18:05","modified_gmt":"2022-12-19T11:18:05","slug":"conferences","status":"publish","type":"page","link":"http:\/\/www.atelierdesmetiers.com\/?page_id=90","title":{"rendered":"Conf\u00e9rences"},"content":{"rendered":"<div style=\"background-repeat: no-repeat;\">\n<div class=\"alignleft\" style=\"width: 50%; margin-top:3%\">\n<ul>\n<li class=\"liste\">Comment tirer parti des contraintes<\/li>\n<li class=\"liste\">R\u00e9gler \/ Habiter \/ D\u00e9velopper son M\u00e9tier<\/li>\n<li class=\"liste\">La modernit\u00e9 du Compagnonnage<\/li>\n<li class=\"liste\">Manager par des r\u00e8gles<\/li>\n<\/ul>\n<p><\/p>\n<\/div>\n\n\n\n<div style=\"margin-left: 55%;\"><figure><img loading=\"lazy\" decoding=\"async\" class=\"alignleft wp-image-218\" style=\"margin-left: 10px; border: 0px;\" src=\"http:\/\/www.atelierdesmetiers.com\/wp-content\/uploads\/2012\/10\/conf.jpg\" alt=\"\" width=\"358\" height=\"269\"><\/figure><\/div>\n<\/div>","protected":false},"excerpt":{"rendered":"<p>Comment tirer parti des contraintes R\u00e9gler \/ Habiter \/ D\u00e9velopper son M\u00e9tier La modernit\u00e9 du Compagnonnage Manager par des r\u00e8gles<\/p>\n","protected":false},"author":2,"featured_media":0,"parent":10,"menu_order":0,"comment_status":"closed","ping_status":"open","template":"","meta":{"footnotes":""},"class_list":["post-90","page","type-page","status-publish","hentry"],"_links":{"self":[{"href":"http:\/\/www.atelierdesmetiers.com\/index.php?rest_route=\/wp\/v2\/pages\/90","targetHints":{"allow":["GET"]}}],"collection":[{"href":"http:\/\/www.atelierdesmetiers.com\/index.php?rest_route=\/wp\/v2\/pages"}],"about":[{"href":"http:\/\/www.atelierdesmetiers.com\/index.php?rest_route=\/wp\/v2\/types\/page"}],"author":[{"embeddable":true,"href":"http:\/\/www.atelierdesmetiers.com\/index.php?rest_route=\/wp\/v2\/users\/2"}],"replies":[{"embeddable":true,"href":"http:\/\/www.atelierdesmetiers.com\/index.php?rest_route=%2Fwp%2Fv2%2Fcomments&post=90"}],"version-history":[{"count":2,"href":"http:\/\/www.atelierdesmetiers.com\/index.php?rest_route=\/wp\/v2\/pages\/90\/revisions"}],"predecessor-version":[{"id":1231,"href":"http:\/\/www.atelierdesmetiers.com\/index.php?rest_route=\/wp\/v2\/pages\/90\/revisions\/1231"}],"up":[{"embeddable":true,"href":"http:\/\/www.atelierdesmetiers.com\/index.php?rest_route=\/wp\/v2\/pages\/10"}],"wp:attachment":[{"href":"http:\/\/www.atelierdesmetiers.com\/index.php?rest_route=%2Fwp%2Fv2%2Fmedia&parent=90"}],"curies":[{"name":"wp","href":"https:\/\/api.w.org\/{rel}","templated":true}]}}