{"id":990,"date":"2017-08-03T17:31:50","date_gmt":"2017-08-03T16:31:50","guid":{"rendered":"http:\/\/www.atelierdesmetiers.com\/?page_id=990"},"modified":"2022-10-16T17:15:06","modified_gmt":"2022-10-16T16:15:06","slug":"medias","status":"publish","type":"page","link":"http:\/\/www.atelierdesmetiers.com\/?page_id=990","title":{"rendered":"Vid\u00e9o"},"content":{"rendered":"<div style=\"background-repeat: no-repeat;\"><p>Interview de <strong>Dominique Fauconnier,&nbsp;<\/strong>au sujet de son ouvrage<strong>&nbsp;<b><i>\u00ab&nbsp;R\u00e9inventer son m\u00e9tier<\/i><\/b><b><i>\u00a9<\/i><\/b><b><i>. Acc\u00e9der \u00e0 nos imaginaires professionnels&nbsp;\u00bb<\/i><\/b>&nbsp;<\/strong>paru aux \u00e9ditions Chronique Sociale,<strong>&nbsp;<\/strong>par<strong> Patrick Coquart<\/strong> pour le <strong><a href=\"https:\/\/www.clubdelectureaffaires.com\/\">Club des Affaires<\/a>&nbsp;<\/strong>au salon du livre Paris 2017 &nbsp;:<\/p>\n<p><iframe loading=\"lazy\" src=\"https:\/\/www.youtube.com\/embed\/0FSSHG0P0oo?rel=0\" width=\"640\" height=\"360\" frameborder=\"0\" allowfullscreen=\"allowfullscreen\"><\/iframe><\/p>\n<p><strong>R\u00e9inventer son m\u00e9tier, est-ce possible? Dominique Fauconnier nous r\u00e9pond.<\/strong><br \/>\npar Patrick Coquart<\/p>\n<p>Chacun d\u2019entre nous s\u2019est vu un jour poser la question \u00ab&nbsp;Que faites-vous dans la vie&nbsp;?&nbsp;\u00bb Pour beaucoup, la r\u00e9ponse est \u00e9vidente&nbsp;; ils ont un m\u00e9tier connu dont le nom parle \u00e0 tout le monde&nbsp;: menuisier, boulanger, chauffeur de taxi, joueur de football, enseignant, etc&#8230;<\/p>\n<p>Acc\u00e9der \u00e0 <a href=\"https:\/\/www.clubdelectureaffaires.com\/reinventer-son-metier-dominique-fauconnier\/\" target=\"blank\" rel=\"noopener\">l&rsquo;article int\u00e9gral de Patrick Coquart sur le site du Club des Affaires<\/a>.<\/p>\n<\/div>","protected":false},"excerpt":{"rendered":"<p>Interview de Dominique Fauconnier,&nbsp;au sujet de son ouvrage&nbsp;\u00ab&nbsp;R\u00e9inventer son m\u00e9tier\u00a9. Acc\u00e9der \u00e0 nos imaginaires professionnels&nbsp;\u00bb&nbsp;paru aux \u00e9ditions Chronique Sociale,&nbsp;par Patrick Coquart pour le Club des Affaires&nbsp;au salon du livre Paris 2017 &nbsp;: R\u00e9inventer son m\u00e9tier, est-ce possible? Dominique Fauconnier nous &hellip; <a href=\"http:\/\/www.atelierdesmetiers.com\/?page_id=990\">Continuer la lecture <span class=\"meta-nav\">&rarr;<\/span><\/a><\/p>\n","protected":false},"author":1,"featured_media":0,"parent":17,"menu_order":0,"comment_status":"closed","ping_status":"closed","template":"","meta":{"footnotes":""},"class_list":["post-990","page","type-page","status-publish","hentry"],"_links":{"self":[{"href":"http:\/\/www.atelierdesmetiers.com\/index.php?rest_route=\/wp\/v2\/pages\/990","targetHints":{"allow":["GET"]}}],"collection":[{"href":"http:\/\/www.atelierdesmetiers.com\/index.php?rest_route=\/wp\/v2\/pages"}],"about":[{"href":"http:\/\/www.atelierdesmetiers.com\/index.php?rest_route=\/wp\/v2\/types\/page"}],"author":[{"embeddable":true,"href":"http:\/\/www.atelierdesmetiers.com\/index.php?rest_route=\/wp\/v2\/users\/1"}],"replies":[{"embeddable":true,"href":"http:\/\/www.atelierdesmetiers.com\/index.php?rest_route=%2Fwp%2Fv2%2Fcomments&post=990"}],"version-history":[{"count":3,"href":"http:\/\/www.atelierdesmetiers.com\/index.php?rest_route=\/wp\/v2\/pages\/990\/revisions"}],"predecessor-version":[{"id":1173,"href":"http:\/\/www.atelierdesmetiers.com\/index.php?rest_route=\/wp\/v2\/pages\/990\/revisions\/1173"}],"up":[{"embeddable":true,"href":"http:\/\/www.atelierdesmetiers.com\/index.php?rest_route=\/wp\/v2\/pages\/17"}],"wp:attachment":[{"href":"http:\/\/www.atelierdesmetiers.com\/index.php?rest_route=%2Fwp%2Fv2%2Fmedia&parent=990"}],"curies":[{"name":"wp","href":"https:\/\/api.w.org\/{rel}","templated":true}]}}